{"id":76,"date":"2021-12-07T11:36:02","date_gmt":"2021-12-07T10:36:02","guid":{"rendered":"https:\/\/almedahlsfastigheter.se\/?page_id=76"},"modified":"2022-01-10T14:44:31","modified_gmt":"2022-01-10T13:44:31","slug":"almedahlsfastigheter_hem","status":"publish","type":"page","link":"https:\/\/almedahlsfastigheter.se\/","title":{"rendered":"Almedahlsfastigheter Hem"},"content":{"rendered":"\t\t<div data-elementor-type=\"wp-page\" data-elementor-id=\"76\" class=\"elementor elementor-76\" data-elementor-post-type=\"page\">\n\t\t\t\t\t\t<section class=\"elementor-section elementor-top-section elementor-element elementor-element-a181447 elementor-section-full_width elementor-section-height-default elementor-section-height-default\" data-id=\"a181447\" data-element_type=\"section\" data-e-type=\"section\">\n\t\t\t\t\t\t<div class=\"elementor-container elementor-column-gap-default\">\n\t\t\t\t\t<div class=\"elementor-column elementor-col-100 elementor-top-column elementor-element elementor-element-fb954fe\" data-id=\"fb954fe\" data-element_type=\"column\" data-e-type=\"column\">\n\t\t\t<div class=\"elementor-widget-wrap elementor-element-populated\">\n\t\t\t\t\t\t<div class=\"elementor-element elementor-element-df412cc elementor-widget elementor-widget-heading\" data-id=\"df412cc\" data-element_type=\"widget\" data-e-type=\"widget\" data-widget_type=\"heading.default\">\n\t\t\t\t<div class=\"elementor-widget-container\">\n\t\t\t\t\t<h1 class=\"elementor-heading-title elementor-size-xl\">Almedahls Fastigheter<\/h1>\t\t\t\t<\/div>\n\t\t\t\t<\/div>\n\t\t\t\t<div class=\"elementor-element elementor-element-95a7514 elementor-widget elementor-widget-heading\" data-id=\"95a7514\" data-element_type=\"widget\" data-e-type=\"widget\" data-widget_type=\"heading.default\">\n\t\t\t\t<div class=\"elementor-widget-container\">\n\t\t\t\t\t<h2 class=\"elementor-heading-title elementor-size-default\">Utveckling av H\u00e4gg\u00e5dalen<\/h2>\t\t\t\t<\/div>\n\t\t\t\t<\/div>\n\t\t\t\t<section class=\"elementor-section elementor-inner-section elementor-element elementor-element-11590bd elementor-section-full_width elementor-section-height-default elementor-section-height-default\" data-id=\"11590bd\" data-element_type=\"section\" data-e-type=\"section\">\n\t\t\t\t\t\t<div class=\"elementor-container elementor-column-gap-default\">\n\t\t\t\t\t<div class=\"elementor-column elementor-col-33 elementor-inner-column elementor-element elementor-element-e09ff13\" data-id=\"e09ff13\" data-element_type=\"column\" data-e-type=\"column\">\n\t\t\t<div class=\"elementor-widget-wrap\">\n\t\t\t\t\t\t\t<\/div>\n\t\t<\/div>\n\t\t\t\t<div class=\"elementor-column elementor-col-33 elementor-inner-column elementor-element elementor-element-274478e\" data-id=\"274478e\" data-element_type=\"column\" data-e-type=\"column\">\n\t\t\t<div class=\"elementor-widget-wrap elementor-element-populated\">\n\t\t\t\t\t\t<div class=\"elementor-element elementor-element-564cb4d elementor-widget elementor-widget-text-editor\" data-id=\"564cb4d\" data-element_type=\"widget\" data-e-type=\"widget\" data-widget_type=\"text-editor.default\">\n\t\t\t\t<div class=\"elementor-widget-container\">\n\t\t\t\t\t\t\t\t\t<p><span style=\"color: #000000;\">H\u00e4gg\u00e5dalen \u00e4r en centrumn\u00e4ra plats med god tillg\u00e4nglighet till Kinna centrum och bra f\u00f6ruts\u00e4ttningar f\u00f6r korta avst\u00e5nd till service och handel.<br \/>Resecentrum ligger med n\u00e5gra f\u00e5 minuters avst\u00e5nd. H\u00e4gg\u00e5n bjuder \u00e4ven in till utmanande golfspel p\u00e5 n\u00e4rliggande Marks Golfklubb.\u00a0<\/span><\/p><p><span style=\"color: #000000;\">H\u00e4gg\u00e5dalen ses \u00e4ven som en naturlig l\u00e4nk f\u00f6r utveckling som binder samman bebyggelsen i Kinna Centrum med n\u00e4rliggande bostads och verksamhetsomr\u00e5den. <br \/>Med utveckling av H\u00e4gg\u00e5dalen skapas en entr\u00e9 till Kinna f\u00f6r resande l\u00e4ngs riksv\u00e4g 41 och naturv\u00e4rden l\u00e4ngs \u00e5n tillg\u00e4ngligg\u00f6rs f\u00f6r allm\u00e4nheten.<\/span><\/p>\t\t\t\t\t\t\t\t<\/div>\n\t\t\t\t<\/div>\n\t\t\t\t\t<\/div>\n\t\t<\/div>\n\t\t\t\t<div class=\"elementor-column elementor-col-33 elementor-inner-column elementor-element elementor-element-b2112e8\" data-id=\"b2112e8\" data-element_type=\"column\" data-e-type=\"column\">\n\t\t\t<div class=\"elementor-widget-wrap\">\n\t\t\t\t\t\t\t<\/div>\n\t\t<\/div>\n\t\t\t\t\t<\/div>\n\t\t<\/section>\n\t\t\t\t<section class=\"elementor-section elementor-inner-section elementor-element elementor-element-58e062c elementor-section-full_width elementor-section-height-default elementor-section-height-default\" data-id=\"58e062c\" data-element_type=\"section\" data-e-type=\"section\">\n\t\t\t\t\t\t<div class=\"elementor-container elementor-column-gap-no\">\n\t\t\t\t\t<div class=\"elementor-column elementor-col-50 elementor-inner-column elementor-element elementor-element-7969bb7\" data-id=\"7969bb7\" data-element_type=\"column\" data-e-type=\"column\">\n\t\t\t<div class=\"elementor-widget-wrap elementor-element-populated\">\n\t\t\t\t\t\t<div class=\"elementor-element elementor-element-9be4f33 elementor-widget elementor-widget-image\" data-id=\"9be4f33\" data-element_type=\"widget\" data-e-type=\"widget\" data-widget_type=\"image.default\">\n\t\t\t\t<div class=\"elementor-widget-container\">\n\t\t\t\t\t\t\t\t\t\t\t\t\t\t\t<img fetchpriority=\"high\" decoding=\"async\" width=\"768\" height=\"768\" src=\"https:\/\/almedahlsfastigheter.se\/wp-content\/uploads\/2021\/12\/Forslag-1-Perspektiv-768x768.jpg\" class=\"attachment-medium_large size-medium_large wp-image-86\" alt=\"Skissf\u00f6rslag 1\" srcset=\"https:\/\/almedahlsfastigheter.se\/wp-content\/uploads\/2021\/12\/Forslag-1-Perspektiv-768x768.jpg 768w, https:\/\/almedahlsfastigheter.se\/wp-content\/uploads\/2021\/12\/Forslag-1-Perspektiv-300x300.jpg 300w, https:\/\/almedahlsfastigheter.se\/wp-content\/uploads\/2021\/12\/Forslag-1-Perspektiv.jpg 1024w, https:\/\/almedahlsfastigheter.se\/wp-content\/uploads\/2021\/12\/Forslag-1-Perspektiv-150x150.jpg 150w\" sizes=\"(max-width: 768px) 100vw, 768px\" \/>\t\t\t\t\t\t\t\t\t\t\t\t\t\t\t<\/div>\n\t\t\t\t<\/div>\n\t\t\t\t<div class=\"elementor-element elementor-element-dc9b473 elementor-widget elementor-widget-heading\" data-id=\"dc9b473\" data-element_type=\"widget\" data-e-type=\"widget\" data-widget_type=\"heading.default\">\n\t\t\t\t<div class=\"elementor-widget-container\">\n\t\t\t\t\t<h4 class=\"elementor-heading-title elementor-size-default\">Skissf\u00f6rslag 1<\/h4>\t\t\t\t<\/div>\n\t\t\t\t<\/div>\n\t\t\t\t\t<\/div>\n\t\t<\/div>\n\t\t\t\t<div class=\"elementor-column elementor-col-50 elementor-inner-column elementor-element elementor-element-6122bc8\" data-id=\"6122bc8\" data-element_type=\"column\" data-e-type=\"column\">\n\t\t\t<div class=\"elementor-widget-wrap elementor-element-populated\">\n\t\t\t\t\t\t<div class=\"elementor-element elementor-element-5f74bda elementor-widget elementor-widget-image\" data-id=\"5f74bda\" data-element_type=\"widget\" data-e-type=\"widget\" data-widget_type=\"image.default\">\n\t\t\t\t<div class=\"elementor-widget-container\">\n\t\t\t\t\t\t\t\t\t\t\t\t\t\t\t<img decoding=\"async\" width=\"768\" height=\"768\" src=\"https:\/\/almedahlsfastigheter.se\/wp-content\/uploads\/2021\/12\/Forslag-2-Perspektiv-768x768.jpg\" class=\"attachment-medium_large size-medium_large wp-image-90\" alt=\"Skissf\u00f6rslag 2\" srcset=\"https:\/\/almedahlsfastigheter.se\/wp-content\/uploads\/2021\/12\/Forslag-2-Perspektiv-768x768.jpg 768w, https:\/\/almedahlsfastigheter.se\/wp-content\/uploads\/2021\/12\/Forslag-2-Perspektiv-300x300.jpg 300w, https:\/\/almedahlsfastigheter.se\/wp-content\/uploads\/2021\/12\/Forslag-2-Perspektiv.jpg 1024w, https:\/\/almedahlsfastigheter.se\/wp-content\/uploads\/2021\/12\/Forslag-2-Perspektiv-150x150.jpg 150w\" sizes=\"(max-width: 768px) 100vw, 768px\" \/>\t\t\t\t\t\t\t\t\t\t\t\t\t\t\t<\/div>\n\t\t\t\t<\/div>\n\t\t\t\t<div class=\"elementor-element elementor-element-509104c elementor-widget elementor-widget-heading\" data-id=\"509104c\" data-element_type=\"widget\" data-e-type=\"widget\" data-widget_type=\"heading.default\">\n\t\t\t\t<div class=\"elementor-widget-container\">\n\t\t\t\t\t<h4 class=\"elementor-heading-title elementor-size-default\">Skissf\u00f6rslag 2<\/h4>\t\t\t\t<\/div>\n\t\t\t\t<\/div>\n\t\t\t\t\t<\/div>\n\t\t<\/div>\n\t\t\t\t\t<\/div>\n\t\t<\/section>\n\t\t\t\t<section class=\"elementor-section elementor-inner-section elementor-element elementor-element-2dc5a02 elementor-section-boxed elementor-section-height-default elementor-section-height-default\" data-id=\"2dc5a02\" data-element_type=\"section\" data-e-type=\"section\">\n\t\t\t\t\t\t<div class=\"elementor-container elementor-column-gap-default\">\n\t\t\t\t\t<div class=\"elementor-column elementor-col-100 elementor-inner-column elementor-element elementor-element-8d8bc93\" data-id=\"8d8bc93\" data-element_type=\"column\" data-e-type=\"column\">\n\t\t\t<div class=\"elementor-widget-wrap elementor-element-populated\">\n\t\t\t\t\t\t<div class=\"elementor-element elementor-element-330643a elementor-widget elementor-widget-heading\" data-id=\"330643a\" data-element_type=\"widget\" data-e-type=\"widget\" data-widget_type=\"heading.default\">\n\t\t\t\t<div class=\"elementor-widget-container\">\n\t\t\t\t\t<h6 class=\"elementor-heading-title elementor-size-default\">Nedladdning av information<\/h6>\t\t\t\t<\/div>\n\t\t\t\t<\/div>\n\t\t\t\t<div class=\"elementor-element elementor-element-aec9f8d elementor-button-align-stretch elementor-widget elementor-widget-form\" data-id=\"aec9f8d\" data-element_type=\"widget\" data-e-type=\"widget\" data-settings=\"{&quot;step_next_label&quot;:&quot;Next&quot;,&quot;step_previous_label&quot;:&quot;Previous&quot;,&quot;button_width&quot;:&quot;100&quot;,&quot;step_type&quot;:&quot;number_text&quot;,&quot;step_icon_shape&quot;:&quot;circle&quot;}\" data-widget_type=\"form.default\">\n\t\t\t\t<div class=\"elementor-widget-container\">\n\t\t\t\t\t\t\t<form class=\"elementor-form\" method=\"post\" name=\"Nedladd_Form\" aria-label=\"Nedladd_Form\">\n\t\t\t<input type=\"hidden\" name=\"post_id\" value=\"76\"\/>\n\t\t\t<input type=\"hidden\" name=\"form_id\" value=\"aec9f8d\"\/>\n\t\t\t<input type=\"hidden\" name=\"referer_title\" value=\"\" \/>\n\n\t\t\t\t\t\t\t<input type=\"hidden\" name=\"queried_id\" value=\"76\"\/>\n\t\t\t\n\t\t\t<div class=\"elementor-form-fields-wrapper elementor-labels-above\">\n\t\t\t\t\t\t\t\t<div class=\"elementor-field-type-text elementor-field-group elementor-column elementor-field-group-name elementor-col-100 elementor-field-required\">\n\t\t\t\t\t\t\t\t\t\t\t\t<label for=\"form-field-name\" class=\"elementor-field-label\">\n\t\t\t\t\t\t\t\tNamn\t\t\t\t\t\t\t<\/label>\n\t\t\t\t\t\t\t\t\t\t\t\t\t\t<input size=\"1\" type=\"text\" name=\"form_fields[name]\" id=\"form-field-name\" class=\"elementor-field elementor-size-sm  elementor-field-textual\" placeholder=\"Name\" required=\"required\">\n\t\t\t\t\t\t\t\t\t\t\t<\/div>\n\t\t\t\t\t\t\t\t<div class=\"elementor-field-type-email elementor-field-group elementor-column elementor-field-group-email elementor-col-100 elementor-field-required\">\n\t\t\t\t\t\t\t\t\t\t\t\t<label for=\"form-field-email\" class=\"elementor-field-label\">\n\t\t\t\t\t\t\t\tEmail\t\t\t\t\t\t\t<\/label>\n\t\t\t\t\t\t\t\t\t\t\t\t\t\t<input size=\"1\" type=\"email\" name=\"form_fields[email]\" id=\"form-field-email\" class=\"elementor-field elementor-size-sm  elementor-field-textual\" placeholder=\"Email\" required=\"required\">\n\t\t\t\t\t\t\t\t\t\t\t<\/div>\n\t\t\t\t\t\t\t\t<div class=\"elementor-field-group elementor-column elementor-field-type-submit elementor-col-100 e-form__buttons\">\n\t\t\t\t\t<button class=\"elementor-button elementor-size-sm\" type=\"submit\">\n\t\t\t\t\t\t<span class=\"elementor-button-content-wrapper\">\n\t\t\t\t\t\t\t\t\t\t\t\t\t\t\t\t\t\t\t\t\t\t<span class=\"elementor-button-text\">Send<\/span>\n\t\t\t\t\t\t\t\t\t\t\t\t\t<\/span>\n\t\t\t\t\t<\/button>\n\t\t\t\t<\/div>\n\t\t\t<\/div>\n\t\t<\/form>\n\t\t\t\t\t\t<\/div>\n\t\t\t\t<\/div>\n\t\t\t\t\t<\/div>\n\t\t<\/div>\n\t\t\t\t\t<\/div>\n\t\t<\/section>\n\t\t\t\t\t<\/div>\n\t\t<\/div>\n\t\t\t\t\t<\/div>\n\t\t<\/section>\n\t\t\t\t<\/div>\n\t\t","protected":false},"excerpt":{"rendered":"<p>Almedahls Fastigheter Utveckling av H\u00e4gg\u00e5dalen H\u00e4gg\u00e5dalen \u00e4r en centrumn\u00e4ra plats med god tillg\u00e4nglighet till Kinna centrum och bra f\u00f6ruts\u00e4ttningar f\u00f6r korta avst\u00e5nd till service och handel.Resecentrum ligger med n\u00e5gra f\u00e5 minuters avst\u00e5nd. H\u00e4gg\u00e5n bjuder \u00e4ven in till utmanande golfspel p\u00e5 n\u00e4rliggande Marks Golfklubb.\u00a0 H\u00e4gg\u00e5dalen ses \u00e4ven som en naturlig l\u00e4nk f\u00f6r utveckling som binder samman [&hellip;]<\/p>\n","protected":false},"author":1,"featured_media":0,"parent":0,"menu_order":0,"comment_status":"closed","ping_status":"closed","template":"","meta":{"footnotes":""},"class_list":["post-76","page","type-page","status-publish","hentry"],"_links":{"self":[{"href":"https:\/\/almedahlsfastigheter.se\/index.php?rest_route=\/wp\/v2\/pages\/76","targetHints":{"allow":["GET"]}}],"collection":[{"href":"https:\/\/almedahlsfastigheter.se\/index.php?rest_route=\/wp\/v2\/pages"}],"about":[{"href":"https:\/\/almedahlsfastigheter.se\/index.php?rest_route=\/wp\/v2\/types\/page"}],"author":[{"embeddable":true,"href":"https:\/\/almedahlsfastigheter.se\/index.php?rest_route=\/wp\/v2\/users\/1"}],"replies":[{"embeddable":true,"href":"https:\/\/almedahlsfastigheter.se\/index.php?rest_route=%2Fwp%2Fv2%2Fcomments&post=76"}],"version-history":[{"count":104,"href":"https:\/\/almedahlsfastigheter.se\/index.php?rest_route=\/wp\/v2\/pages\/76\/revisions"}],"predecessor-version":[{"id":309,"href":"https:\/\/almedahlsfastigheter.se\/index.php?rest_route=\/wp\/v2\/pages\/76\/revisions\/309"}],"wp:attachment":[{"href":"https:\/\/almedahlsfastigheter.se\/index.php?rest_route=%2Fwp%2Fv2%2Fmedia&parent=76"}],"curies":[{"name":"wp","href":"https:\/\/api.w.org\/{rel}","templated":true}]}}